{"id":276,"date":"2026-01-23T15:25:31","date_gmt":"2026-01-23T14:25:31","guid":{"rendered":"https:\/\/wordpress.dsprocad.de\/?page_id=276"},"modified":"2026-02-09T14:14:21","modified_gmt":"2026-02-09T13:14:21","slug":"about","status":"publish","type":"page","link":"https:\/\/dsprocad.de\/?page_id=276","title":{"rendered":"About"},"content":{"rendered":"\t\t<div data-elementor-type=\"wp-page\" data-elementor-id=\"276\" class=\"elementor elementor-276\">\n\t\t\t\t<div class=\"elementor-element elementor-element-8c1ca90 e-flex e-con-boxed e-con e-parent\" data-id=\"8c1ca90\" data-element_type=\"container\" data-e-type=\"container\" data-settings=\"{&quot;background_background&quot;:&quot;classic&quot;}\">\n\t\t\t\t\t<div class=\"e-con-inner\">\n\t\t\t\t<div class=\"elementor-element elementor-element-0353a11 elementor-widget elementor-widget-heading\" data-id=\"0353a11\" data-element_type=\"widget\" data-e-type=\"widget\" data-widget_type=\"heading.default\">\n\t\t\t\t\t<h1 class=\"elementor-heading-title elementor-size-default\">\u00dcber uns<\/h1>\t\t\t\t<\/div>\n\t\t\t\t\t<\/div>\n\t\t\t\t<\/div>\n\t\t<div class=\"elementor-element elementor-element-91d5e9c e-flex e-con-boxed e-con e-parent\" data-id=\"91d5e9c\" data-element_type=\"container\" data-e-type=\"container\" data-settings=\"{&quot;background_background&quot;:&quot;classic&quot;}\">\n\t\t\t\t\t<div class=\"e-con-inner\">\n\t\t\t\t<div class=\"elementor-element elementor-element-062431a elementor-widget elementor-widget-heading\" data-id=\"062431a\" data-element_type=\"widget\" data-e-type=\"widget\" data-widget_type=\"heading.default\">\n\t\t\t\t\t<h4 class=\"elementor-heading-title elementor-size-default\">Gegr\u00fcndet 2004<br>Seitdem bedienen wir ein breites Spektrum an Kunden, von kleinen Betrieben bis hin zu gro\u00dfen Industrieunternehmen, die alle von unseren ma\u00dfgeschneiderten, effizienten L\u00f6sungen profitieren.<br>Photovoltaik f\u00fcr den privaten Haushalt und ebenso f\u00fcr Unternehmen geh\u00f6ren zu unseren Leistungen.<\/h4>\t\t\t\t<\/div>\n\t\t\t\t\t<\/div>\n\t\t\t\t<\/div>\n\t\t<div class=\"elementor-element elementor-element-6849e47 e-flex e-con-boxed e-con e-parent\" data-id=\"6849e47\" data-element_type=\"container\" data-e-type=\"container\">\n\t\t\t\t\t<div class=\"e-con-inner\">\n\t\t\t\t<div class=\"elementor-element elementor-element-6ad9324 elementor-widget elementor-widget-image\" data-id=\"6ad9324\" data-element_type=\"widget\" data-e-type=\"widget\" data-widget_type=\"image.default\">\n\t\t\t\t\t\t\t\t\t\t\t\t\t\t\t<img fetchpriority=\"high\" decoding=\"async\" width=\"1024\" height=\"132\" src=\"https:\/\/dsprocad.de\/wp-content\/uploads\/2026\/02\/Logo-2-transparent-1024x132.png\" class=\"attachment-large size-large wp-image-1058\" alt=\"\" srcset=\"https:\/\/dsprocad.de\/wp-content\/uploads\/2026\/02\/Logo-2-transparent-1024x132.png 1024w, https:\/\/dsprocad.de\/wp-content\/uploads\/2026\/02\/Logo-2-transparent-300x39.png 300w, https:\/\/dsprocad.de\/wp-content\/uploads\/2026\/02\/Logo-2-transparent-768x99.png 768w, https:\/\/dsprocad.de\/wp-content\/uploads\/2026\/02\/Logo-2-transparent-1536x197.png 1536w, https:\/\/dsprocad.de\/wp-content\/uploads\/2026\/02\/Logo-2-transparent.png 2008w\" sizes=\"(max-width: 1024px) 100vw, 1024px\" \/>\t\t\t\t\t\t\t\t\t\t\t\t\t\t\t<\/div>\n\t\t\t\t\t<\/div>\n\t\t\t\t<\/div>\n\t\t<div class=\"elementor-element elementor-element-d52a447 e-flex e-con-boxed e-con e-parent\" data-id=\"d52a447\" data-element_type=\"container\" data-e-type=\"container\" data-settings=\"{&quot;background_background&quot;:&quot;classic&quot;}\">\n\t\t\t\t\t<div class=\"e-con-inner\">\n\t\t\t\t<div class=\"elementor-element elementor-element-ca38452 elementor-widget elementor-widget-image\" data-id=\"ca38452\" data-element_type=\"widget\" data-e-type=\"widget\" data-widget_type=\"image.default\">\n\t\t\t\t\t\t\t\t\t\t\t\t\t\t\t<img decoding=\"async\" src=\"https:\/\/wordpress.dsprocad.de\/wp-content\/uploads\/2026\/01\/oben1-1.jpg\" title=\"\" alt=\"\" loading=\"lazy\" \/>\t\t\t\t\t\t\t\t\t\t\t\t\t\t\t<\/div>\n\t\t\t\t<div class=\"elementor-element elementor-element-dd835dc elementor-widget elementor-widget-heading\" data-id=\"dd835dc\" data-element_type=\"widget\" data-e-type=\"widget\" data-widget_type=\"heading.default\">\n\t\t\t\t\t<h2 class=\"elementor-heading-title elementor-size-default\">Ein kleiner Teil unserer Referenzen<\/h2>\t\t\t\t<\/div>\n\t\t\t\t\t<\/div>\n\t\t\t\t<\/div>\n\t\t<div class=\"elementor-element elementor-element-37fadf0 e-flex e-con-boxed e-con e-parent\" data-id=\"37fadf0\" data-element_type=\"container\" data-e-type=\"container\" data-settings=\"{&quot;background_background&quot;:&quot;classic&quot;}\">\n\t\t\t\t\t<div class=\"e-con-inner\">\n\t\t\t\t<div class=\"elementor-element elementor-element-fb910ac elementor-widget elementor-widget-html\" data-id=\"fb910ac\" data-element_type=\"widget\" data-e-type=\"widget\" data-widget_type=\"html.default\">\n\t\t\t\t\t<!DOCTYPE html>\r\n<html lang=\"de\">\r\n<head>\r\n<style>\r\n  :root {\r\n    \/* HIER DIE GESCHWINDIGKEIT ANPASSEN: H\u00f6herer Wert = Langsamer *\/\r\n    --speed: 40s; \r\n  }\r\n\r\n  .ticker-container {\r\n    width: 100%;\r\n    overflow: hidden;\r\n    background: #; \/* Optionaler Hintergrund *\/\r\n    padding: 20px 0;\r\n    border-top: 1px solid #ddd;\r\n    border-bottom: 1px solid #ddd;\r\n  }\r\n\r\n  .ticker-wrapper {\r\n    display: flex;\r\n    width: max-content;\r\n    animation: scroll var(--speed) linear infinite;\r\n  }\r\n\r\n  .ticker-wrapper:hover {\r\n    animation-play-state: paused; \/* Stoppt beim Mouseover *\/\r\n  }\r\n\r\n  .ticker-item {\r\n    padding: 0 40px;\r\n    font-family: sans-serif;\r\n    font-size: 16px;\r\n    color: #00;\r\n    white-space: nowrap;\r\n    font-weight: 500;\r\n  }\r\n\r\n  \/* Die Animation *\/\r\n  @keyframes scroll {\r\n    0% { transform: translateX(0); }\r\n    100% { transform: translateX(-50%); }\r\n  }\r\n<\/style>\r\n<\/head>\r\n<body>\r\n\r\n<div class=\"ticker-container\">\r\n  <div class=\"ticker-wrapper\">\r\n    <div class=\"ticker-item\">Bornemann Maschinenbau GmbH, Delligsen<\/div>\r\n    <div class=\"ticker-item\">Opitz Packaging Systems GmbH, Northeim<\/div>\r\n    <div class=\"ticker-item\">Lorowerk K.H. Vahlbrauk GmbH & Co. KG, Bad Gandersheim<\/div>\r\n    <div class=\"ticker-item\">Leicht & Appel GmbH, Bad Gandersheim<\/div>\r\n    <div class=\"ticker-item\">Penam Slovakia a.s, Lucenec (Slowakei)<\/div>\r\n    <div class=\"ticker-item\">Hanno Werk GmbH & Co. KG, Laatzen<\/div>\r\n    <div class=\"ticker-item\">Schneider Chemie GmbH, Euskirchen<\/div>\r\n    <div class=\"ticker-item\">dach+solarbauTEC GmbH, Delligsen<\/div>\r\n    <div class=\"ticker-item\">H. Bollmann GmbH, Gronau<\/div>\r\n    \r\n    <div class=\"ticker-item\">Bornemann Maschinenbau GmbH, Delligsen<\/div>\r\n    <div class=\"ticker-item\">Opitz Packaging Systems GmbH, Northeim<\/div>\r\n    <div class=\"ticker-item\">Lorowerk K.H. Vahlbrauk GmbH & Co. KG, Bad Gandersheim<\/div>\r\n    <div class=\"ticker-item\">Leicht & Appel GmbH, Bad Gandersheim<\/div>\r\n    <div class=\"ticker-item\">Penam Slovakia a.s, Lucenec (Slowakei)<\/div>\r\n    <div class=\"ticker-item\">Hanno Werk GmbH & Co. KG, Laatzen<\/div>\r\n    <div class=\"ticker-item\">Schneider Chemie GmbH, Euskirchen<\/div>\r\n    <div class=\"ticker-item\">dach+solarbauTEC GmbH, Delligsen<\/div>\r\n    <div class=\"ticker-item\">H. Bollmann GmbH, Gronau<\/div>\r\n  <\/div>\r\n<\/div>\r\n\r\n<\/body>\r\n<\/html>\t\t\t\t<\/div>\n\t\t\t\t\t<\/div>\n\t\t\t\t<\/div>\n\t\t<div class=\"elementor-element elementor-element-be7ba6a e-flex e-con-boxed e-con e-parent\" data-id=\"be7ba6a\" data-element_type=\"container\" data-e-type=\"container\">\n\t\t\t\t\t<div class=\"e-con-inner\">\n\t\t\t\t<div class=\"elementor-element elementor-element-b541d81 elementor-widget elementor-widget-image\" data-id=\"b541d81\" data-element_type=\"widget\" data-e-type=\"widget\" data-widget_type=\"image.default\">\n\t\t\t\t\t\t\t\t\t\t\t\t\t\t\t<img decoding=\"async\" width=\"1024\" height=\"151\" src=\"https:\/\/dsprocad.de\/wp-content\/uploads\/2026\/02\/e3dc_Signaturbanner-ZERTIFIZIERTER-PARTNER-1024x151.png\" class=\"attachment-large size-large wp-image-1047\" alt=\"\" srcset=\"https:\/\/dsprocad.de\/wp-content\/uploads\/2026\/02\/e3dc_Signaturbanner-ZERTIFIZIERTER-PARTNER-1024x151.png 1024w, https:\/\/dsprocad.de\/wp-content\/uploads\/2026\/02\/e3dc_Signaturbanner-ZERTIFIZIERTER-PARTNER-300x44.png 300w, https:\/\/dsprocad.de\/wp-content\/uploads\/2026\/02\/e3dc_Signaturbanner-ZERTIFIZIERTER-PARTNER-768x113.png 768w, https:\/\/dsprocad.de\/wp-content\/uploads\/2026\/02\/e3dc_Signaturbanner-ZERTIFIZIERTER-PARTNER-1536x226.png 1536w, https:\/\/dsprocad.de\/wp-content\/uploads\/2026\/02\/e3dc_Signaturbanner-ZERTIFIZIERTER-PARTNER.png 2008w\" sizes=\"(max-width: 1024px) 100vw, 1024px\" \/>\t\t\t\t\t\t\t\t\t\t\t\t\t\t\t<\/div>\n\t\t\t\t\t<\/div>\n\t\t\t\t<\/div>\n\t\t\t\t<\/div>\n\t\t","protected":false},"excerpt":{"rendered":"<p>\u00dcber uns Gegr\u00fcndet 2004Seitdem bedienen wir ein breites Spektrum an Kunden, von kleinen Betrieben bis hin zu gro\u00dfen Industrieunternehmen, die [&hellip;]<\/p>\n","protected":false},"author":1,"featured_media":0,"parent":0,"menu_order":0,"comment_status":"closed","ping_status":"closed","template":"","meta":{"site-sidebar-layout":"no-sidebar","site-content-layout":"","ast-site-content-layout":"full-width-container","site-content-style":"default","site-sidebar-style":"default","ast-global-header-display":"","ast-banner-title-visibility":"","ast-main-header-display":"","ast-hfb-above-header-display":"","ast-hfb-below-header-display":"","ast-hfb-mobile-header-display":"","site-post-title":"disabled","ast-breadcrumbs-content":"","ast-featured-img":"disabled","footer-sml-layout":"","ast-disable-related-posts":"","theme-transparent-header-meta":"","adv-header-id-meta":"","stick-header-meta":"","header-above-stick-meta":"","header-main-stick-meta":"","header-below-stick-meta":"","astra-migrate-meta-layouts":"default","ast-page-background-enabled":"default","ast-page-background-meta":{"desktop":{"background-color":"var(--ast-global-color-5)","background-image":"","background-repeat":"repeat","background-position":"center center","background-size":"auto","background-attachment":"scroll","background-type":"","background-media":"","overlay-type":"","overlay-color":"","overlay-opacity":"","overlay-gradient":""},"tablet":{"background-color":"","background-image":"","background-repeat":"repeat","background-position":"center center","background-size":"auto","background-attachment":"scroll","background-type":"","background-media":"","overlay-type":"","overlay-color":"","overlay-opacity":"","overlay-gradient":""},"mobile":{"background-color":"","background-image":"","background-repeat":"repeat","background-position":"center center","background-size":"auto","background-attachment":"scroll","background-type":"","background-media":"","overlay-type":"","overlay-color":"","overlay-opacity":"","overlay-gradient":""}},"ast-content-background-meta":{"desktop":{"background-color":"var(--ast-global-color-4)","background-image":"","background-repeat":"repeat","background-position":"center center","background-size":"auto","background-attachment":"scroll","background-type":"","background-media":"","overlay-type":"","overlay-color":"","overlay-opacity":"","overlay-gradient":""},"tablet":{"background-color":"var(--ast-global-color-4)","background-image":"","background-repeat":"repeat","background-position":"center center","background-size":"auto","background-attachment":"scroll","background-type":"","background-media":"","overlay-type":"","overlay-color":"","overlay-opacity":"","overlay-gradient":""},"mobile":{"background-color":"var(--ast-global-color-4)","background-image":"","background-repeat":"repeat","background-position":"center center","background-size":"auto","background-attachment":"scroll","background-type":"","background-media":"","overlay-type":"","overlay-color":"","overlay-opacity":"","overlay-gradient":""}},"footnotes":""},"class_list":["post-276","page","type-page","status-publish","hentry"],"_links":{"self":[{"href":"https:\/\/dsprocad.de\/index.php?rest_route=\/wp\/v2\/pages\/276","targetHints":{"allow":["GET"]}}],"collection":[{"href":"https:\/\/dsprocad.de\/index.php?rest_route=\/wp\/v2\/pages"}],"about":[{"href":"https:\/\/dsprocad.de\/index.php?rest_route=\/wp\/v2\/types\/page"}],"author":[{"embeddable":true,"href":"https:\/\/dsprocad.de\/index.php?rest_route=\/wp\/v2\/users\/1"}],"replies":[{"embeddable":true,"href":"https:\/\/dsprocad.de\/index.php?rest_route=%2Fwp%2Fv2%2Fcomments&post=276"}],"version-history":[{"count":61,"href":"https:\/\/dsprocad.de\/index.php?rest_route=\/wp\/v2\/pages\/276\/revisions"}],"predecessor-version":[{"id":1158,"href":"https:\/\/dsprocad.de\/index.php?rest_route=\/wp\/v2\/pages\/276\/revisions\/1158"}],"wp:attachment":[{"href":"https:\/\/dsprocad.de\/index.php?rest_route=%2Fwp%2Fv2%2Fmedia&parent=276"}],"curies":[{"name":"wp","href":"https:\/\/api.w.org\/{rel}","templated":true}]}}