{"id":275,"date":"2026-01-23T15:25:31","date_gmt":"2026-01-23T14:25:31","guid":{"rendered":"https:\/\/wordpress.dsprocad.de\/?page_id=275"},"modified":"2026-02-16T12:17:05","modified_gmt":"2026-02-16T11:17:05","slug":"home","status":"publish","type":"page","link":"https:\/\/dsprocad.de\/","title":{"rendered":"Home"},"content":{"rendered":"\t\t<div data-elementor-type=\"wp-page\" data-elementor-id=\"275\" class=\"elementor elementor-275\">\n\t\t\t\t<div class=\"elementor-element elementor-element-429593c e-flex e-con-boxed e-con e-parent\" data-id=\"429593c\" data-element_type=\"container\" data-e-type=\"container\" data-settings=\"{&quot;background_background&quot;:&quot;classic&quot;}\">\n\t\t\t\t\t<div class=\"e-con-inner\">\n\t\t\t\t<div class=\"elementor-element elementor-element-2f3fa8f elementor-widget elementor-widget-image-box\" data-id=\"2f3fa8f\" data-element_type=\"widget\" data-e-type=\"widget\" data-widget_type=\"image-box.default\">\n\t\t\t\t\t<div class=\"elementor-image-box-wrapper\"><div class=\"elementor-image-box-content\"><h1 class=\"elementor-image-box-title\">Effiziente Steuerungs- und Automatisierungsl\u00f6sungen<\/h1><\/div><\/div>\t\t\t\t<\/div>\n\t\t\t\t<div class=\"elementor-element elementor-element-16cf891 elementor-widget elementor-widget-image-box\" data-id=\"16cf891\" data-element_type=\"widget\" data-e-type=\"widget\" data-widget_type=\"image-box.default\">\n\t\t\t\t\t<div class=\"elementor-image-box-wrapper\"><div class=\"elementor-image-box-content\"><h1 class=\"elementor-image-box-title\">Zukunftsorientierte Photovoltaik-Anlagentechnik f\u00fcr Ihre Energieunabh\u00e4ngigkeit<\/h1><\/div><\/div>\t\t\t\t<\/div>\n\t\t\t\t\t<\/div>\n\t\t\t\t<\/div>\n\t\t<div class=\"elementor-element elementor-element-735d843 e-flex e-con-boxed e-con e-parent\" data-id=\"735d843\" data-element_type=\"container\" data-e-type=\"container\" data-settings=\"{&quot;background_background&quot;:&quot;classic&quot;}\">\n\t\t\t\t\t<div class=\"e-con-inner\">\n\t\t\t\t<div class=\"elementor-element elementor-element-a625c91 elementor-widget elementor-widget-image\" data-id=\"a625c91\" data-element_type=\"widget\" data-e-type=\"widget\" data-widget_type=\"image.default\">\n\t\t\t\t\t\t\t\t\t\t\t\t\t\t\t<img fetchpriority=\"high\" decoding=\"async\" width=\"512\" height=\"169\" src=\"https:\/\/dsprocad.de\/wp-content\/uploads\/2026\/02\/Logo-removebg.png\" class=\"attachment-large size-large wp-image-1065\" alt=\"\" srcset=\"https:\/\/dsprocad.de\/wp-content\/uploads\/2026\/02\/Logo-removebg.png 512w, https:\/\/dsprocad.de\/wp-content\/uploads\/2026\/02\/Logo-removebg-300x99.png 300w\" sizes=\"(max-width: 512px) 100vw, 512px\" \/>\t\t\t\t\t\t\t\t\t\t\t\t\t\t\t<\/div>\n\t\t\t\t<div class=\"elementor-element elementor-element-e81376a elementor-widget elementor-widget-image-box\" data-id=\"e81376a\" data-element_type=\"widget\" data-e-type=\"widget\" data-widget_type=\"image-box.default\">\n\t\t\t\t\t<div class=\"elementor-image-box-wrapper\"><div class=\"elementor-image-box-content\"><h2 class=\"elementor-image-box-title\">Unsere Leistungen im Fokus<\/h2><p class=\"elementor-image-box-description\">Entdecken Sie unsere umfassenden Dienstleistungen in der Steuerungs- und Automatisierungstechnik sowie Photovoltaik-Anlagentechnik.\nDer digitale Wandel l\u00f6st alte Technologien ab und bringt neue hervor. Diese Entwicklung schafft viele neue M\u00f6glichkeiten, birgt aber auch eine Menge Herausforderungen. Sind Sie bereit, sich ihnen zu stellen?<\/p><\/div><\/div>\t\t\t\t<\/div>\n\t\t<div class=\"elementor-element elementor-element-a410366 e-con-full e-flex e-con e-child\" data-id=\"a410366\" data-element_type=\"container\" data-e-type=\"container\">\n\t\t<div class=\"elementor-element elementor-element-bf43d19 e-con-full e-flex e-con e-child\" data-id=\"bf43d19\" data-element_type=\"container\" data-e-type=\"container\">\n\t\t\t\t<div class=\"elementor-element elementor-element-51f32f0 elementor-widget elementor-widget-image\" data-id=\"51f32f0\" data-element_type=\"widget\" data-e-type=\"widget\" data-widget_type=\"image.default\">\n\t\t\t\t\t\t\t\t\t\t\t\t\t\t\t<img decoding=\"async\" width=\"1536\" height=\"1024\" src=\"https:\/\/dsprocad.de\/wp-content\/uploads\/2026\/01\/Eplan-Arbeit-Mann-1.png\" class=\"attachment-full size-full wp-image-685\" alt=\"\" srcset=\"https:\/\/dsprocad.de\/wp-content\/uploads\/2026\/01\/Eplan-Arbeit-Mann-1.png 1536w, https:\/\/dsprocad.de\/wp-content\/uploads\/2026\/01\/Eplan-Arbeit-Mann-1-300x200.png 300w, https:\/\/dsprocad.de\/wp-content\/uploads\/2026\/01\/Eplan-Arbeit-Mann-1-1024x683.png 1024w, https:\/\/dsprocad.de\/wp-content\/uploads\/2026\/01\/Eplan-Arbeit-Mann-1-768x512.png 768w\" sizes=\"(max-width: 1536px) 100vw, 1536px\" \/>\t\t\t\t\t\t\t\t\t\t\t\t\t\t\t<\/div>\n\t\t\t\t<div class=\"elementor-element elementor-element-46c54d7 elementor-widget elementor-widget-text-editor\" data-id=\"46c54d7\" data-element_type=\"widget\" data-e-type=\"widget\" data-widget_type=\"text-editor.default\">\n\t\t\t\t\t\t\t\t\t<h3>Elektroplanung<\/h3><p>Planung und Projektierung von elektrischen Steuerungen sowie professionelle Schaltplanerstellung.<\/p>\t\t\t\t\t\t\t\t<\/div>\n\t\t\t\t<\/div>\n\t\t<div class=\"elementor-element elementor-element-f239f43 e-con-full e-flex e-con e-child\" data-id=\"f239f43\" data-element_type=\"container\" data-e-type=\"container\">\n\t\t\t\t<div class=\"elementor-element elementor-element-8e53c1e elementor-widget elementor-widget-image\" data-id=\"8e53c1e\" data-element_type=\"widget\" data-e-type=\"widget\" data-widget_type=\"image.default\">\n\t\t\t\t\t\t\t\t\t\t\t\t\t\t\t<img decoding=\"async\" width=\"1536\" height=\"1024\" src=\"https:\/\/dsprocad.de\/wp-content\/uploads\/2026\/01\/TIA-Arbeit-Mann.png\" class=\"attachment-full size-full wp-image-602\" alt=\"\" srcset=\"https:\/\/dsprocad.de\/wp-content\/uploads\/2026\/01\/TIA-Arbeit-Mann.png 1536w, https:\/\/dsprocad.de\/wp-content\/uploads\/2026\/01\/TIA-Arbeit-Mann-300x200.png 300w, https:\/\/dsprocad.de\/wp-content\/uploads\/2026\/01\/TIA-Arbeit-Mann-1024x683.png 1024w, https:\/\/dsprocad.de\/wp-content\/uploads\/2026\/01\/TIA-Arbeit-Mann-768x512.png 768w\" sizes=\"(max-width: 1536px) 100vw, 1536px\" \/>\t\t\t\t\t\t\t\t\t\t\t\t\t\t\t<\/div>\n\t\t\t\t<div class=\"elementor-element elementor-element-88bbf14 elementor-widget elementor-widget-text-editor\" data-id=\"88bbf14\" data-element_type=\"widget\" data-e-type=\"widget\" data-widget_type=\"text-editor.default\">\n\t\t\t\t\t\t\t\t\t<h3>Automatisierung<\/h3><p>SPS-Softwareprogrammierung und moderne Steuerungs- und Automatisierungstechnik.<\/p>\t\t\t\t\t\t\t\t<\/div>\n\t\t\t\t<\/div>\n\t\t<div class=\"elementor-element elementor-element-bb804fc e-con-full e-flex e-con e-child\" data-id=\"bb804fc\" data-element_type=\"container\" data-e-type=\"container\">\n\t\t\t\t<div class=\"elementor-element elementor-element-c5effc6 elementor-widget elementor-widget-image\" data-id=\"c5effc6\" data-element_type=\"widget\" data-e-type=\"widget\" data-widget_type=\"image.default\">\n\t\t\t\t\t\t\t\t\t\t\t\t\t\t\t<img loading=\"lazy\" decoding=\"async\" width=\"2560\" height=\"1920\" src=\"https:\/\/dsprocad.de\/wp-content\/uploads\/2026\/01\/pexels-photo-6040783-6040783-scaled.jpg\" class=\"attachment-full size-full wp-image-604\" alt=\"A worker installs solar panels on a sunny day, highlighting renewable energy solutions.\" srcset=\"https:\/\/dsprocad.de\/wp-content\/uploads\/2026\/01\/pexels-photo-6040783-6040783-scaled.jpg 2560w, https:\/\/dsprocad.de\/wp-content\/uploads\/2026\/01\/pexels-photo-6040783-6040783-300x225.jpg 300w, https:\/\/dsprocad.de\/wp-content\/uploads\/2026\/01\/pexels-photo-6040783-6040783-1024x768.jpg 1024w, https:\/\/dsprocad.de\/wp-content\/uploads\/2026\/01\/pexels-photo-6040783-6040783-768x576.jpg 768w, https:\/\/dsprocad.de\/wp-content\/uploads\/2026\/01\/pexels-photo-6040783-6040783-1536x1152.jpg 1536w, https:\/\/dsprocad.de\/wp-content\/uploads\/2026\/01\/pexels-photo-6040783-6040783-2048x1536.jpg 2048w\" sizes=\"(max-width: 2560px) 100vw, 2560px\" \/>\t\t\t\t\t\t\t\t\t\t\t\t\t\t\t<\/div>\n\t\t\t\t<div class=\"elementor-element elementor-element-abcb718 elementor-widget elementor-widget-text-editor\" data-id=\"abcb718\" data-element_type=\"widget\" data-e-type=\"widget\" data-widget_type=\"text-editor.default\">\n\t\t\t\t\t\t\t\t\t<h3>Photovoltaik<\/h3><p>Zukunftsorientierte PV-Anlagentechnik f\u00fcr Ihre Energieunabh\u00e4ngigkeit. Dynamische Stromtarife.<\/p>\t\t\t\t\t\t\t\t<\/div>\n\t\t\t\t<\/div>\n\t\t\t\t<\/div>\n\t\t\t\t\t<\/div>\n\t\t\t\t<\/div>\n\t\t<div class=\"elementor-element elementor-element-575e53d e-flex e-con-boxed e-con e-parent\" data-id=\"575e53d\" data-element_type=\"container\" data-e-type=\"container\" data-settings=\"{&quot;background_background&quot;:&quot;gradient&quot;}\">\n\t\t\t\t\t<div class=\"e-con-inner\">\n\t\t<div class=\"elementor-element elementor-element-105f134 e-con-full e-flex e-con e-child\" data-id=\"105f134\" data-element_type=\"container\" data-e-type=\"container\">\n\t\t\t\t<div class=\"elementor-element elementor-element-f1c3485 elementor-widget elementor-widget-image\" data-id=\"f1c3485\" data-element_type=\"widget\" data-e-type=\"widget\" data-widget_type=\"image.default\">\n\t\t\t\t\t\t\t\t\t\t\t\t\t\t\t<img loading=\"lazy\" decoding=\"async\" width=\"300\" height=\"200\" src=\"https:\/\/dsprocad.de\/wp-content\/uploads\/2026\/01\/pexels-photo-6153354-1-300x200.jpeg\" class=\"attachment-medium size-medium wp-image-523\" alt=\"pexels photo 6153354.jpeg\" srcset=\"https:\/\/dsprocad.de\/wp-content\/uploads\/2026\/01\/pexels-photo-6153354-1-300x200.jpeg 300w, https:\/\/dsprocad.de\/wp-content\/uploads\/2026\/01\/pexels-photo-6153354-1-1024x682.jpeg 1024w, https:\/\/dsprocad.de\/wp-content\/uploads\/2026\/01\/pexels-photo-6153354-1-768x512.jpeg 768w, https:\/\/dsprocad.de\/wp-content\/uploads\/2026\/01\/pexels-photo-6153354-1.jpeg 1280w\" sizes=\"(max-width: 300px) 100vw, 300px\" \/>\t\t\t\t\t\t\t\t\t\t\t\t\t\t\t<\/div>\n\t\t\t\t<\/div>\n\t\t<div class=\"elementor-element elementor-element-1991994 e-con-full e-flex e-con e-child\" data-id=\"1991994\" data-element_type=\"container\" data-e-type=\"container\">\n\t\t\t\t<div class=\"elementor-element elementor-element-2238be7 elementor-widget elementor-widget-text-editor\" data-id=\"2238be7\" data-element_type=\"widget\" data-e-type=\"widget\" data-widget_type=\"text-editor.default\">\n\t\t\t\t\t\t\t\t\t<p class=\"text-align-center\"><!--block-->Sie sind auf der Suche nach einem erfahrenen und kreativen Unternehmen, das Ihr Projekt voranbringen kann? Wir verf\u00fcgen \u00fcber viel Erfahrung, kreative L\u00f6sungsans\u00e4tze und die n\u00f6tige Kompetenz. Die Zusammenarbeit mit uns ist unb\u00fcrokratisch und l\u00f6sungsorientiert. Auf unserer Website finden Sie alle Informationen zu uns und unseren Leistungen. Nehmen Sie Kontakt mit uns auf, wenn Sie Ihr Projekt mit uns besprechen m\u00f6chten &#8211; wir finden die richtige L\u00f6sung, auch f\u00fcr Sie!<\/p>\t\t\t\t\t\t\t\t<\/div>\n\t\t\t\t<\/div>\n\t\t\t\t\t<\/div>\n\t\t\t\t<\/div>\n\t\t<div class=\"elementor-element elementor-element-786a8a2 e-flex e-con-boxed e-con e-parent\" data-id=\"786a8a2\" data-element_type=\"container\" data-e-type=\"container\" data-settings=\"{&quot;background_background&quot;:&quot;classic&quot;}\">\n\t\t\t\t\t<div class=\"e-con-inner\">\n\t\t<div class=\"elementor-element elementor-element-f409a1e e-con-full e-flex e-con e-child\" data-id=\"f409a1e\" data-element_type=\"container\" data-e-type=\"container\">\n\t\t\t\t<div class=\"elementor-element elementor-element-89f0474 elementor-widget elementor-widget-image\" data-id=\"89f0474\" data-element_type=\"widget\" data-e-type=\"widget\" data-widget_type=\"image.default\">\n\t\t\t\t\t\t\t\t\t\t\t\t\t\t\t<img loading=\"lazy\" decoding=\"async\" width=\"1280\" height=\"853\" src=\"https:\/\/dsprocad.de\/wp-content\/uploads\/2026\/01\/pexels-photo-5532711-1.jpeg\" class=\"attachment-full size-full wp-image-526\" alt=\"pexels photo 5532711.jpeg\" srcset=\"https:\/\/dsprocad.de\/wp-content\/uploads\/2026\/01\/pexels-photo-5532711-1.jpeg 1280w, https:\/\/dsprocad.de\/wp-content\/uploads\/2026\/01\/pexels-photo-5532711-1-300x200.jpeg 300w, https:\/\/dsprocad.de\/wp-content\/uploads\/2026\/01\/pexels-photo-5532711-1-1024x682.jpeg 1024w, https:\/\/dsprocad.de\/wp-content\/uploads\/2026\/01\/pexels-photo-5532711-1-768x512.jpeg 768w\" sizes=\"(max-width: 1280px) 100vw, 1280px\" \/>\t\t\t\t\t\t\t\t\t\t\t\t\t\t\t<\/div>\n\t\t\t\t<\/div>\n\t\t<div class=\"elementor-element elementor-element-de808ca e-con-full e-flex e-con e-child\" data-id=\"de808ca\" data-element_type=\"container\" data-e-type=\"container\">\n\t\t\t\t<div class=\"elementor-element elementor-element-a260131 elementor-widget elementor-widget-image-box\" data-id=\"a260131\" data-element_type=\"widget\" data-e-type=\"widget\" data-widget_type=\"image-box.default\">\n\t\t\t\t\t<div class=\"elementor-image-box-wrapper\"><div class=\"elementor-image-box-content\"><h2 class=\"elementor-image-box-title\">Unsere Werte<\/h2><p class=\"elementor-image-box-description\">Mit jahrelanger Erfahrung in der Steuerungs- und Automatisierungstechnik sowie der Photovoltaik-Anlagentechnik bietet unser Unternehmen innovative L\u00f6sungen, die Energieeffizienz steigern. Wir setzen dabei  auf moderne Technologien, um unsere Kunden bestm\u00f6glich zu unterst\u00fctzen.<\/p><\/div><\/div>\t\t\t\t<\/div>\n\t\t\t\t<\/div>\n\t\t\t\t\t<\/div>\n\t\t\t\t<\/div>\n\t\t<div class=\"elementor-element elementor-element-93b84d6 e-flex e-con-boxed e-con e-parent\" data-id=\"93b84d6\" data-element_type=\"container\" data-e-type=\"container\" data-settings=\"{&quot;background_background&quot;:&quot;classic&quot;}\">\n\t\t\t\t\t<div class=\"e-con-inner\">\n\t\t\t\t<div class=\"elementor-element elementor-element-fe4743e elementor-widget elementor-widget-image-box\" data-id=\"fe4743e\" data-element_type=\"widget\" data-e-type=\"widget\" data-widget_type=\"image-box.default\">\n\t\t\t\t\t<div class=\"elementor-image-box-wrapper\"><div class=\"elementor-image-box-content\"><h2 class=\"elementor-image-box-title\">Starten Sie Ihr Projekt\u200b<\/h2><p class=\"elementor-image-box-description\">Kontaktieren Sie uns noch heute f\u00fcr eine individuelle Beratung und erfahren Sie, wie wir Ihnen helfen k\u00f6nnen, Ihre Effizienzziele zu erreichen.<\/p><\/div><\/div>\t\t\t\t<\/div>\n\t\t\t\t<div class=\"elementor-element elementor-element-1a6f4ce elementor-align-center elementor-widget elementor-widget-button\" data-id=\"1a6f4ce\" data-element_type=\"widget\" data-e-type=\"widget\" data-widget_type=\"button.default\">\n\t\t\t\t\t\t\t\t\t\t<a class=\"elementor-button elementor-button-link elementor-size-sm\" href=\"https:\/\/dsprocad.de\/?page_id=279\">\n\t\t\t\t\t\t<span class=\"elementor-button-content-wrapper\">\n\t\t\t\t\t\t\t\t\t<span class=\"elementor-button-text\">Jetzt Kontaktieren<\/span>\n\t\t\t\t\t<\/span>\n\t\t\t\t\t<\/a>\n\t\t\t\t\t\t\t\t<\/div>\n\t\t\t\t\t<\/div>\n\t\t\t\t<\/div>\n\t\t\t\t<\/div>\n\t\t","protected":false},"excerpt":{"rendered":"<p>Effiziente Steuerungs- und Automatisierungsl\u00f6sungen Zukunftsorientierte Photovoltaik-Anlagentechnik f\u00fcr Ihre Energieunabh\u00e4ngigkeit Unsere Leistungen im Fokus Entdecken Sie unsere umfassenden Dienstleistungen in der [&hellip;]<\/p>\n","protected":false},"author":1,"featured_media":0,"parent":0,"menu_order":0,"comment_status":"closed","ping_status":"closed","template":"","meta":{"site-sidebar-layout":"no-sidebar","site-content-layout":"","ast-site-content-layout":"full-width-container","site-content-style":"default","site-sidebar-style":"default","ast-global-header-display":"","ast-banner-title-visibility":"","ast-main-header-display":"","ast-hfb-above-header-display":"","ast-hfb-below-header-display":"","ast-hfb-mobile-header-display":"","site-post-title":"disabled","ast-breadcrumbs-content":"","ast-featured-img":"disabled","footer-sml-layout":"","ast-disable-related-posts":"","theme-transparent-header-meta":"","adv-header-id-meta":"","stick-header-meta":"","header-above-stick-meta":"","header-main-stick-meta":"","header-below-stick-meta":"","astra-migrate-meta-layouts":"default","ast-page-background-enabled":"default","ast-page-background-meta":{"desktop":{"background-color":"var(--ast-global-color-5)","background-image":"","background-repeat":"repeat","background-position":"center center","background-size":"auto","background-attachment":"scroll","background-type":"","background-media":"","overlay-type":"","overlay-color":"","overlay-opacity":"","overlay-gradient":""},"tablet":{"background-color":"","background-image":"","background-repeat":"repeat","background-position":"center center","background-size":"auto","background-attachment":"scroll","background-type":"","background-media":"","overlay-type":"","overlay-color":"","overlay-opacity":"","overlay-gradient":""},"mobile":{"background-color":"","background-image":"","background-repeat":"repeat","background-position":"center center","background-size":"auto","background-attachment":"scroll","background-type":"","background-media":"","overlay-type":"","overlay-color":"","overlay-opacity":"","overlay-gradient":""}},"ast-content-background-meta":{"desktop":{"background-color":"var(--ast-global-color-4)","background-image":"","background-repeat":"repeat","background-position":"center center","background-size":"auto","background-attachment":"scroll","background-type":"","background-media":"","overlay-type":"","overlay-color":"","overlay-opacity":"","overlay-gradient":""},"tablet":{"background-color":"var(--ast-global-color-4)","background-image":"","background-repeat":"repeat","background-position":"center center","background-size":"auto","background-attachment":"scroll","background-type":"","background-media":"","overlay-type":"","overlay-color":"","overlay-opacity":"","overlay-gradient":""},"mobile":{"background-color":"var(--ast-global-color-4)","background-image":"","background-repeat":"repeat","background-position":"center center","background-size":"auto","background-attachment":"scroll","background-type":"","background-media":"","overlay-type":"","overlay-color":"","overlay-opacity":"","overlay-gradient":""}},"footnotes":""},"class_list":["post-275","page","type-page","status-publish","hentry"],"_links":{"self":[{"href":"https:\/\/dsprocad.de\/index.php?rest_route=\/wp\/v2\/pages\/275","targetHints":{"allow":["GET"]}}],"collection":[{"href":"https:\/\/dsprocad.de\/index.php?rest_route=\/wp\/v2\/pages"}],"about":[{"href":"https:\/\/dsprocad.de\/index.php?rest_route=\/wp\/v2\/types\/page"}],"author":[{"embeddable":true,"href":"https:\/\/dsprocad.de\/index.php?rest_route=\/wp\/v2\/users\/1"}],"replies":[{"embeddable":true,"href":"https:\/\/dsprocad.de\/index.php?rest_route=%2Fwp%2Fv2%2Fcomments&post=275"}],"version-history":[{"count":85,"href":"https:\/\/dsprocad.de\/index.php?rest_route=\/wp\/v2\/pages\/275\/revisions"}],"predecessor-version":[{"id":1166,"href":"https:\/\/dsprocad.de\/index.php?rest_route=\/wp\/v2\/pages\/275\/revisions\/1166"}],"wp:attachment":[{"href":"https:\/\/dsprocad.de\/index.php?rest_route=%2Fwp%2Fv2%2Fmedia&parent=275"}],"curies":[{"name":"wp","href":"https:\/\/api.w.org\/{rel}","templated":true}]}}